{"id":12,"date":"2016-12-15T14:01:32","date_gmt":"2016-12-15T14:01:32","guid":{"rendered":"http:\/\/localhost\/korsten\/?page_id=12"},"modified":"2017-04-11T07:53:37","modified_gmt":"2017-04-11T07:53:37","slug":"pressezitate","status":"publish","type":"page","link":"http:\/\/www.gerard-korsten.com\/de\/pressezitate\/","title":{"rendered":"Pressezitate (Auswahl)"},"content":{"rendered":"<div class=\"bws-testimonials\"><div class=\"item\"><div class=\"testimonials_quote\">\n\t\t\t\t\t\t\t<blockquote><p>\u201eG\u00e9rard Korsten ist hier wie elektrisiert, peitscht das Orchester in den Ecks\u00e4tzen regelrecht vor sich her, volle Kraft voraus, nimmt dem Werk dr\u00e4ngend, mit auftrumpfender Dynamik und in oft recht harten Ans\u00e4tzen von vornherein jeden Anflug von Pathos oder Larmoyanz und generiert damit eine mitrei\u00dfende Version, die beim Publikum nach dem letzten Triumphakkord einen Jubelschrei ausl\u00f6st.\u201c<\/p>\n<p><a href=\"https:\/\/www.vn.at\/kultur\/2016\/12\/04\/eine-rose-fuer-das-orchester.vn\" target=\"_blank\">Hier geht es zum ganzen Artikel<\/a><\/p>\n<\/blockquote><div class=\"testimonial_quote_footer\"><div class=\"testimonial_quote_author\"><\/div><span><\/span><\/div><\/div><\/div><div class=\"item\"><div class=\"testimonials_quote\">\n\t\t\t\t\t\t\t<blockquote><p>\u201cKorsten\u2019s view of Schubert\u2019s monumental\u00a0C Major Symphony\u00a0was of course on the grandest scale and here his unbuttoned approach paid off handsomely.\u201d<\/p>\n<p><a href=\"https:\/\/www.vn.at\/kultur\/2016\/12\/04\/eine-rose-fuer-das-orchester.vn\" target=\"_blank\">Hier geht es zum ganzen Artikel<\/a><\/p>\n<\/blockquote><div class=\"testimonial_quote_footer\"><div class=\"testimonial_quote_author\"><\/div><span><\/span><\/div><\/div><\/div><div class=\"item\"><div class=\"testimonials_quote\">\n\t\t\t\t\t\t\t<blockquote><p>\u201eEin so toller Leistungsbeweis funktioniert \u00fcberhaupt nur, wenn zwei sich blind aufeinander verlassen k\u00f6nnen, ein Dirigent, der das Orchester seit 20 Jahren kennt und seit 2005 als dessen Chef am Pult steht, und Musiker, die sein oft ausuferndes Temperament ebenso sch\u00e4tzen wie sein Qualit\u00e4tsbewusstsein \u2026\u201c<\/p>\n<p><a href=\"https:\/\/www.vn.at\/kultur\/2015\/04\/07\/wo-blindes-vertrauen-herrscht.vn\" target=\"_blank\">Hier geht es zum ganzen Artikel<\/a><\/p>\n<\/blockquote><div class=\"testimonial_quote_footer\"><div class=\"testimonial_quote_author\"><\/div><span><\/span><\/div><\/div><\/div><div class=\"item\"><div class=\"testimonials_quote\">\n\t\t\t\t\t\t\t<blockquote><p>\u201cG\u00e9rard Korsten has the swerve and pounce of a fencer on the podium, and the orchestra\u2019s sound was similarly swift on its feet.\u201d<\/p>\n<p><a href=\"http:\/\/www.telegraph.co.uk\/culture\/music\/classicalconcertreviews\/10862613\/London-Mozart-Players-St-Johns-Smith-Square-review-returning-to-their-roots.html\" target=\"_blank\">Hier geht es zum ganzen Artikel<\/a><\/p>\n<\/blockquote><div class=\"testimonial_quote_footer\"><div class=\"testimonial_quote_author\"><\/div><span><\/span><\/div><\/div><\/div><div class=\"item\"><div class=\"testimonials_quote\">\n\t\t\t\t\t\t\t<blockquote><p>\u201cThe finale sounded rapturously warm in this world premiere with the LMP under Gerard Korsten.\u201d<\/p>\n<\/blockquote><div class=\"testimonial_quote_footer\"><div class=\"testimonial_quote_author\"><\/div><span><\/span><\/div><\/div><\/div><\/div><!-- .bws-testimonials -->\n","protected":false},"excerpt":{"rendered":"","protected":false},"author":1,"featured_media":0,"parent":0,"menu_order":0,"comment_status":"closed","ping_status":"closed","template":"","meta":[],"_links":{"self":[{"href":"http:\/\/www.gerard-korsten.com\/de\/wp-json\/wp\/v2\/pages\/12"}],"collection":[{"href":"http:\/\/www.gerard-korsten.com\/de\/wp-json\/wp\/v2\/pages"}],"about":[{"href":"http:\/\/www.gerard-korsten.com\/de\/wp-json\/wp\/v2\/types\/page"}],"author":[{"embeddable":true,"href":"http:\/\/www.gerard-korsten.com\/de\/wp-json\/wp\/v2\/users\/1"}],"replies":[{"embeddable":true,"href":"http:\/\/www.gerard-korsten.com\/de\/wp-json\/wp\/v2\/comments?post=12"}],"version-history":[{"count":7,"href":"http:\/\/www.gerard-korsten.com\/de\/wp-json\/wp\/v2\/pages\/12\/revisions"}],"predecessor-version":[{"id":262,"href":"http:\/\/www.gerard-korsten.com\/de\/wp-json\/wp\/v2\/pages\/12\/revisions\/262"}],"wp:attachment":[{"href":"http:\/\/www.gerard-korsten.com\/de\/wp-json\/wp\/v2\/media?parent=12"}],"curies":[{"name":"wp","href":"https:\/\/api.w.org\/{rel}","templated":true}]}}