{"id":19,"date":"2016-12-15T14:02:44","date_gmt":"2016-12-15T14:02:44","guid":{"rendered":"http:\/\/localhost\/korsten\/?page_id=19"},"modified":"2022-11-16T12:02:07","modified_gmt":"2022-11-16T11:02:07","slug":"videos","status":"publish","type":"page","link":"http:\/\/www.gerard-korsten.com\/de\/videos\/","title":{"rendered":"Videos &#038; Audios"},"content":{"rendered":"<p><strong>Mendelssohn-Bartholdy: Symphonie Nr. 4 A-Dur op. 90, &#8222;Italienische&#8220;<br \/>\n<\/strong>Orchester: Pannon Philharmonic<br \/>\nDirigent: G\u00e9rard Korsten<br \/>\nAusschnitt vom 21.12.2016<\/p>\n<p><a href=\"https:\/\/youtu.be\/EtL6vx4vbjg\" target=\"_blank\" rel=\"noopener\">Link zum Video<\/a><\/p>\n<p><strong>John Adams: Absolute Jest<br \/>\n<\/strong>Orchester: Symphonieorchester Vorarlberg<br \/>\nDirigent: G\u00e9rard Korsten<br \/>\nQuartett: Apollon Musag\u00e8te Quartet<br \/>\n(Promotionsvideo, Auszug)<\/p>\n<p><a href=\"https:\/\/www.ekkehardjung.de\/\" target=\"_blank\" rel=\"noopener\">Link zum Video<\/a><\/p>\n<p><strong>Wolfgang A Mozart: Overt\u00fcre aus \u201cLe Nozze di Figaro\u201d<br \/>\n<\/strong>Orchester und Chor des Teatro alla Scala<br \/>\nDirigent: G\u00e9rard Korsten<br \/>\nLive aus dem Teatro alla Scala<\/p>\n<p><a href=\"https:\/\/www.ekkehardjung.de\/\" target=\"_blank\" rel=\"noopener\">Link zum Video<\/a><\/p>\n<p><strong>Anton Bruckner: Sinfonie Nr. 7 in E-Dur (Ausschnitte)<\/strong><br \/>\nOrchester: Symphonieorchester Vorarlberg<br \/>\nDirigent: G\u00e9rard Korsten<\/p>\n<p><a href=\"https:\/\/www.ekkehardjung.de\/\" target=\"_blank\" rel=\"noopener\">Link zum Video<\/a><\/p>\n<p>&nbsp;<\/p>\n<p>&nbsp;<\/p>\n<div class=\"galery_video_view9_cont_list\"\n     id=\"galery_video_view9_cont_list1\"\n     data-gallery-video-perpage=\"5\" data-gallery-video-id=\"1\">\n\t<div id=\"gallery_video_view9_cont_list1\" class=\"gallery_video_view9_cont_list view-blog-style-gallery\">\n\t\t<input type=\"hidden\" id=\"total\" value=\"0\"\/>\n\t\t\t<\/div>\n\t\n<\/div><style>\n.video_view9_container{\n\twidth: 100%;\n    margin-bottom: 20px !important;\n    padding-bottom: 0px !important;\n    border-bottom: none;\n\tdisplay:block;\n}\n.video_new_view_title{\n    font-size: 14px !important;\n    color: black !important;\n    background-color: white !important;\n\ttext-align:left;\n\topacity:1 !important;\n    font-weight:bold;\n}\n.video_new_view_desc ul{\n    list-style-type: none;\n}\n.video_new_view_desc{\n\tline-height: 1.5;\n\tbackground-color: white !important;\n\topacity:1 !important;\n    font-size:14px !important;\n    color:black !important;\n\tmargin-bottom:20px;\n}\n.paginate{\n    font-size:22px !important;\n    color:#1046B3 !important;\n    text-align: center;\n}\n.paginate a{\n    border-bottom: none !important;\n    box-shadow: none !important;\n}\n.icon-style{\n    font-size: 18px !important;\n    color:#1046B3 !important;\n}\n.clear{\n    clear:both;\n}\n.video_view9_img{\n    display:block;\n    margin: 0 auto;\n}\n\n.video_view9_vid_wrapper .thumb_wrapper{\n    width: 100%;\n    height: 100%;\n}\n.video_view9_vid_wrapper #thevideo{\n    position: absolute;\n    top: 0;\n    width: 100%;\n    height: 100%;\n}\n.video_view9_vid_wrapper{\n    width: 100%;\n    position: relative;\n    margin-bottom: 15px;\n    display: inline-block;\n    float: left;\n    margin-right: 2%;\n    max-width: 99%;\n}\n.video_view9_vid_wrapper iframe{\n    opacity: 1;\n    cursor: pointer;\n    max-width:100%;\n    max-height: 100%;\n}\n.video_view9_vid_wrapper iframe.iframe-thumb{\n    opacity: 0;\n}\n.thumb_image{\n    position: absolute;\n    width: 100%;\n    height: 100% !important;\n    z-index: 10;\n}\n.youtube-icon {background:url(http:\/\/www.gerard-korsten.com\/wp-content\/plugins\/gallery-video\/assets\/images\/admin_images\/play.youtube.png) center center no-repeat;}\n.vimeo-icon {background:url(http:\/\/www.gerard-korsten.com\/wp-content\/plugins\/gallery-video\/assets\/images\/admin_images\/play.vimeo.png) center center no-repeat;}\n.playbutton{\n    width: 100%;\n    height: 100%;\n    position: absolute;\n    z-index: 11;\n}\n\n.load_more {\n    margin: 10px 0;\n    position:relative;\n    text-align:center;\n    width:100%;\n}\n\n.load_more_button {\n    border-radius: 10px;\n    display:inline-block;\n    padding:5px 15px;\n    font-size:19px !important;\n    color:#FFFFFF !important;\n    background:#5CADFF !important;\n    cursor:pointer;\n    margin-top: 15px;\n\n}\n.load_more_button:hover{\n    color:#D9D9D9 !important;\n    background:#8F827C !important;\n}\n.loading {\n    display:none;\n}\n@media screen and (min-width: 30em){ \/* phone *\/\n    .video_view9_vid_wrapper{\n        margin-top:1px;\n        width:340px;\n        width: -moz-calc(50% - 8.5px);\n        width: -webkit-calc(50% - 8.5px);\n        width: -o-calc(50% - 8.5px);\n        width: calc(50% - 8.5px);\n    \n        left:340px;\n        left: -moz-calc(50% - 8.5px);\n        left: -webkit-calc(50% - 8.5px);\n        left: -o-calc(50% - 8.5px);\n        left: calc(50% - 8.5px);\n\n        transform: translateX(-100%);\n    }\n\t.video_new_view_desc{\n        width:340px;\n        width: -moz-calc(50% - 8.5px);\n        width: -webkit-calc(50% - 8.5px);\n        width: -o-calc(50% - 8.5px);\n        width: calc(50% - 8.5px);\n        float:right;\n    }\n}\n\n<\/style>\n<p><iframe loading=\"lazy\" src=\"https:\/\/w.soundcloud.com\/player\/?url=https:\/\/api.soundcloud.com\/users\/59115751\" width=\"100%\" height=\"450\" frameborder=\"no\" scrolling=\"no\"><\/iframe><\/p>","protected":false},"excerpt":{"rendered":"<p>Mendelssohn-Bartholdy: Symphonie Nr. 4 A-Dur op. 90, &#8222;Italienische&#8220; Orchester: Pannon Philharmonic Dirigent: G\u00e9rard Korsten Ausschnitt vom 21.12.2016 Link zum Video John Adams: Absolute Jest Orchester: Symphonieorchester Vorarlberg Dirigent: G\u00e9rard Korsten Quartett: Apollon Musag\u00e8te Quartet (Promotionsvideo, Auszug) Link zum Video Wolfgang A Mozart: Overt\u00fcre aus \u201cLe Nozze di Figaro\u201d Orchester und Chor des Teatro alla Scala &hellip; <\/p>\n<p class=\"link-more\"><a href=\"http:\/\/www.gerard-korsten.com\/de\/videos\/\" class=\"more-link\"><span class=\"screen-reader-text\">\u201eVideos &#038; Audios\u201c<\/span> weiterlesen<\/a><\/p>\n","protected":false},"author":1,"featured_media":0,"parent":0,"menu_order":0,"comment_status":"closed","ping_status":"closed","template":"","meta":[],"_links":{"self":[{"href":"http:\/\/www.gerard-korsten.com\/de\/wp-json\/wp\/v2\/pages\/19"}],"collection":[{"href":"http:\/\/www.gerard-korsten.com\/de\/wp-json\/wp\/v2\/pages"}],"about":[{"href":"http:\/\/www.gerard-korsten.com\/de\/wp-json\/wp\/v2\/types\/page"}],"author":[{"embeddable":true,"href":"http:\/\/www.gerard-korsten.com\/de\/wp-json\/wp\/v2\/users\/1"}],"replies":[{"embeddable":true,"href":"http:\/\/www.gerard-korsten.com\/de\/wp-json\/wp\/v2\/comments?post=19"}],"version-history":[{"count":154,"href":"http:\/\/www.gerard-korsten.com\/de\/wp-json\/wp\/v2\/pages\/19\/revisions"}],"predecessor-version":[{"id":871,"href":"http:\/\/www.gerard-korsten.com\/de\/wp-json\/wp\/v2\/pages\/19\/revisions\/871"}],"wp:attachment":[{"href":"http:\/\/www.gerard-korsten.com\/de\/wp-json\/wp\/v2\/media?parent=19"}],"curies":[{"name":"wp","href":"https:\/\/api.w.org\/{rel}","templated":true}]}}