{"id":23,"date":"2016-12-15T14:04:23","date_gmt":"2016-12-15T14:04:23","guid":{"rendered":"http:\/\/localhost\/korsten\/?page_id=23"},"modified":"2022-11-16T12:06:20","modified_gmt":"2022-11-16T11:06:20","slug":"impressum","status":"publish","type":"page","link":"http:\/\/www.gerard-korsten.com\/de\/impressum\/","title":{"rendered":"Impressum"},"content":{"rendered":"<p>Verantwortlich f\u00fcr den Inhalt der Seite: www.gerard-korsten.com<strong><br \/>\nG\u00e9rard Korsten<\/strong><br \/>\n<strong> vertreten durch:<\/strong><br \/>\n<strong> Ekkehard Jung Artists &amp; Projects GmbH<\/strong><br \/>\n<strong> Barbarossastr. 39<\/strong><br \/>\n<strong> D-10779 Berlin<\/strong><\/p>\n<p><strong>Kontakt:<\/strong><br \/>\nTelefon: +49 (0) 30 &#8211; 23 63 794 -0<br \/>\nFax: +49 (0) 30 &#8211; 25 700 627<br \/>\nE-Mail: info [at] ekkehardjung.de<br \/>\nUst-ID-Nr. DE281027089<br \/>\nHRB 139429 B<br \/>\nAmstgericht Berlin-Charlottenburg<\/p>\n<p><strong>Verantwortlich f\u00fcr den Inhalt nach \u00a7 10 Absatz 3 MDStV:<\/strong><br \/>\nEkkehard Jung Artists &amp; Projects GmbH<br \/>\nBarbarossastr. 39<br \/>\nD-10779 Berlin<\/p>\n<p><strong>Webdesign:<\/strong><br \/>\n<a href=\"http:\/\/www.estherkuehne.de\" target=\"_blank\" rel=\"noopener noreferrer\">Esther K\u00fchne <\/a><\/p>\n<p><strong>Technische Umsetzung:<\/strong><br \/>\n<a href=\"http:\/\/www.stagenet.de\" target=\"_blank\" rel=\"noopener noreferrer\">Stagenet<\/a><\/p>\n<p><strong>Haftungsbeschr\u00e4nkung<\/strong><br \/>\nTrotz sorgf\u00e4ltiger inhaltlicher Kontrolle \u00fcbernehmen wir keine Haftung f\u00fcr die\u00a0 Richtigkeit, Vollst\u00e4ndigkeit und Aktualit\u00e4t der bereitgestellten Inhalte. Die\u00a0 Nutzung der Inhalte der Website erfolgt auf eigene Gefahr des Nutzers. Der Anbieter \u00fcbernimmt keinerlei Haftung f\u00fcr Sch\u00e4den jeglicher Art, die direkt oder indirekt auf die Verwendung dieses Internetangebots zur\u00fcckzuf\u00fchren sind.<\/p>\n<p><strong>Externe Links<\/strong><br \/>\nDiese Website enth\u00e4lt Verkn\u00fcpfungen zu Websites Dritter (&#8222;externe Links&#8220;). Diese Websites unterliegen der Haftung der jeweiligen Betreiber. Der Anbieter hat bei der erstmaligen Verkn\u00fcpfung der externen Links die fremden Inhalte daraufhin \u00fcberpr\u00fcft, ob etwaige Rechtsverst\u00f6\u00dfe bestehen. Zu dem Zeitpunkt waren keine Rechtsverst\u00f6\u00dfe ersichtlich. Der Anbieter hat keinerlei Einfluss auf die aktuelle und zuk\u00fcnftige Gestaltung und auf die Inhalte der verkn\u00fcpften Seiten. Bei Kenntnis von Rechtsverst\u00f6\u00dfen werden jedoch derartige externe Links unverz\u00fcglich gel\u00f6scht.<\/p>\n<p><strong>Urheberrecht<\/strong><br \/>\nDie durch die Seitenbetreiber erstellten Inhalte und Werke (inklusive Texte, Grafiken, Bilder, Soundfiles und Videos)\u00a0auf diesen Seiten unterliegen dem deutschen Urheberrecht. Die Vervielf\u00e4ltigung, Bearbeitung, Verbreitung und jede Art der Verwertung au\u00dferhalb der Grenzen des Urheberrechtes bed\u00fcrfen der schriftlichen Zustimmung des jeweiligen Autors bzw. Erstellers. Downloads und Kopien dieser Seite sind nur f\u00fcr den privaten, nicht kommerziellen Gebrauch gestattet. Die Darstellung dieser Website in fremden Frames ist nur mit schriftlicher Erlaubnis zul\u00e4ssig.<\/p>\n<p><strong>Datenschutz<\/strong><br \/>\nDie Nutzung unserer Webseite ist in der Regel ohne Angabe personenbezogener Daten m\u00f6glich. Soweit auf unseren Seiten personenbezogene Daten (beispielsweise Name, Anschrift oder eMail-Adressen) erhoben werden, erfolgt dies, soweit m\u00f6glich, stets auf freiwilliger Basis. Diese Daten werden ohne Ihre ausdr\u00fcckliche Zustimmung nicht an Dritte weitergegeben.<br \/>\nWir weisen darauf hin, dass die Daten\u00fcbertragung im Internet (z.B. bei der Kommunikation per E-Mail) Sicherheitsl\u00fccken aufweisen kann. Ein l\u00fcckenloser Schutz der Daten vor dem Zugriff durch Dritte ist nicht m\u00f6glich.<br \/>\nDer Nutzung von im Rahmen der Impressumspflicht ver\u00f6ffentlichten Kontaktdaten durch Dritte zur \u00dcbersendung von nicht ausdr\u00fccklich angeforderter Werbung und Informationsmaterialien wird hiermit ausdr\u00fccklich widersprochen. Die Betreiber der Seiten behalten sich ausdr\u00fccklich rechtliche Schritte im Falle der unverlangten Zusendung von Werbeinformationen, etwa durch Spam-Mails, vor.<\/p>\n<p><strong>Rechtswirksamkeit dieses Disclaimers<\/strong><br \/>\nSofern Teile oder einzelne Formulierungen dieses\u00a0Disclaimers der geltenden Rechtslage nicht, nicht mehr oder nicht vollst\u00e4ndig entsprechen sollten, bleiben die \u00fcbrigen Teile des Dokumentes in ihrem Inhalt und ihrer G\u00fcltigkeit davon unber\u00fchrt.<\/p>","protected":false},"excerpt":{"rendered":"<p>Verantwortlich f\u00fcr den Inhalt der Seite: www.gerard-korsten.com G\u00e9rard Korsten vertreten durch: Ekkehard Jung Artists &amp; Projects GmbH Barbarossastr. 39 D-10779 Berlin Kontakt: Telefon: +49 (0) 30 &#8211; 23 63 794 -0 Fax: +49 (0) 30 &#8211; 25 700 627 E-Mail: info [at] ekkehardjung.de Ust-ID-Nr. DE281027089 HRB 139429 B Amstgericht Berlin-Charlottenburg Verantwortlich f\u00fcr den Inhalt nach &hellip; <\/p>\n<p class=\"link-more\"><a href=\"http:\/\/www.gerard-korsten.com\/de\/impressum\/\" class=\"more-link\"><span class=\"screen-reader-text\">\u201eImpressum\u201c<\/span> weiterlesen<\/a><\/p>\n","protected":false},"author":1,"featured_media":0,"parent":0,"menu_order":0,"comment_status":"closed","ping_status":"closed","template":"","meta":[],"_links":{"self":[{"href":"http:\/\/www.gerard-korsten.com\/de\/wp-json\/wp\/v2\/pages\/23"}],"collection":[{"href":"http:\/\/www.gerard-korsten.com\/de\/wp-json\/wp\/v2\/pages"}],"about":[{"href":"http:\/\/www.gerard-korsten.com\/de\/wp-json\/wp\/v2\/types\/page"}],"author":[{"embeddable":true,"href":"http:\/\/www.gerard-korsten.com\/de\/wp-json\/wp\/v2\/users\/1"}],"replies":[{"embeddable":true,"href":"http:\/\/www.gerard-korsten.com\/de\/wp-json\/wp\/v2\/comments?post=23"}],"version-history":[{"count":16,"href":"http:\/\/www.gerard-korsten.com\/de\/wp-json\/wp\/v2\/pages\/23\/revisions"}],"predecessor-version":[{"id":874,"href":"http:\/\/www.gerard-korsten.com\/de\/wp-json\/wp\/v2\/pages\/23\/revisions\/874"}],"wp:attachment":[{"href":"http:\/\/www.gerard-korsten.com\/de\/wp-json\/wp\/v2\/media?parent=23"}],"curies":[{"name":"wp","href":"https:\/\/api.w.org\/{rel}","templated":true}]}}